{"id":2,"date":"2013-04-05T13:03:09","date_gmt":"2013-04-05T13:03:09","guid":{"rendered":"http:\/\/nihonniikimashou.com\/?page_id=2"},"modified":"2024-02-11T08:46:46","modified_gmt":"2024-02-11T08:46:46","slug":"sample-page","status":"publish","type":"page","link":"https:\/\/to-insanity-and-beyond.com\/?page_id=2","title":{"rendered":"About"},"content":{"rendered":"\n<p><!--:en-->Within this blog, we wanted to document our first (and long anticipated) 5 weeks journey to Japan in July\/August 2013, for ourselves and other travellers to share, interact with, and, maybe, inspire.<\/p>\n\n\n\n<p><strong>Why Japan?<\/strong><\/p>\n\n\n\n<p>&#8220;The Land of the Rising Sun is a country where the past meets the future. Japanese culture stretches back millennia, yet has also adopted (and created) the latest modern fashions and trends.<\/p>\n\n\n\n<p>Japan is a study in contrasts and contradictions.&#8221;<\/p>\n\n\n\n<p><em>(wikitravel)<\/em><\/p>\n\n\n\n<p> <\/p>\n\n\n\n<p><!--:--><!--:de-->In diesem Blog berichten wir \u00fcber die Erlebnisse und Eindr\u00fccke unserer 5-w\u00f6chigen Japanreise im Juli und August 2013 \u2013 als Erinnerung f\u00fcr uns selbst sowie m\u00f6gliche Inspiration f\u00fcr andere Japanreisende.<\/p>\n\n\n\n<p><strong>Warum Japan?<\/strong><\/p>\n\n\n\n<p>&#8220;Im Land der aufgehenden Sonne trifft die Vergangenheit auf die Zukunft. Die japanische Kultur reicht einerseits Jahrtausende zur\u00fcck, absorbiert und kreiert aber andererseits auch die neusten Trends.<\/p>\n\n\n\n<p>Japan ist ein Paradebeispiel f\u00fcr Kontraste und Gegens\u00e4tze.&#8221;<\/p>\n\n\n\n<p><em>(wikitravel)<\/em><!--:--><\/p>\n","protected":false},"excerpt":{"rendered":"<p>Within this blog, we wanted to document our first (and long anticipated) 5 weeks journey to Japan in July\/August 2013, for ourselves and other travellers to share, interact with, and, maybe, inspire. Why Japan? &#8220;The Land of the Rising Sun is a country where the past meets the future. Japanese culture stretches back millennia, yet has also adopted (and created) the latest modern fashions and trends. Japan is a study in contrasts and contradictions.&#8221; (wikitravel) In diesem Blog berichten wir \u00fcber die Erlebnisse und Eindr\u00fccke unserer 5-w\u00f6chigen Japanreise im Juli und August 2013 \u2013 als Erinnerung f\u00fcr uns selbst sowie m\u00f6gliche Inspiration f\u00fcr andere Japanreisende. Warum Japan? &#8220;Im Land der aufgehenden Sonne trifft die Vergangenheit auf die Zukunft. Die japanische Kultur reicht einerseits Jahrtausende zur\u00fcck, absorbiert und kreiert aber andererseits auch die neusten Trends. Japan ist ein Paradebeispiel f\u00fcr Kontraste und Gegens\u00e4tze.&#8221; (wikitravel)<\/p>\n","protected":false},"author":1,"featured_media":0,"parent":0,"menu_order":2,"comment_status":"closed","ping_status":"closed","template":"","meta":{"footnotes":""},"class_list":["post-2","page","type-page","status-publish","hentry"],"_links":{"self":[{"href":"https:\/\/to-insanity-and-beyond.com\/index.php?rest_route=\/wp\/v2\/pages\/2","targetHints":{"allow":["GET"]}}],"collection":[{"href":"https:\/\/to-insanity-and-beyond.com\/index.php?rest_route=\/wp\/v2\/pages"}],"about":[{"href":"https:\/\/to-insanity-and-beyond.com\/index.php?rest_route=\/wp\/v2\/types\/page"}],"author":[{"embeddable":true,"href":"https:\/\/to-insanity-and-beyond.com\/index.php?rest_route=\/wp\/v2\/users\/1"}],"replies":[{"embeddable":true,"href":"https:\/\/to-insanity-and-beyond.com\/index.php?rest_route=%2Fwp%2Fv2%2Fcomments&post=2"}],"version-history":[{"count":34,"href":"https:\/\/to-insanity-and-beyond.com\/index.php?rest_route=\/wp\/v2\/pages\/2\/revisions"}],"predecessor-version":[{"id":449,"href":"https:\/\/to-insanity-and-beyond.com\/index.php?rest_route=\/wp\/v2\/pages\/2\/revisions\/449"}],"wp:attachment":[{"href":"https:\/\/to-insanity-and-beyond.com\/index.php?rest_route=%2Fwp%2Fv2%2Fmedia&parent=2"}],"curies":[{"name":"wp","href":"https:\/\/api.w.org\/{rel}","templated":true}]}}