{"id":247,"date":"2015-04-02T22:51:56","date_gmt":"2015-04-02T20:51:56","guid":{"rendered":"http:\/\/nihonniikimashou.com\/?page_id=247"},"modified":"2024-02-11T08:45:50","modified_gmt":"2024-02-11T08:45:50","slug":"2015-2","status":"publish","type":"page","link":"https:\/\/to-insanity-and-beyond.com\/?page_id=247","title":{"rendered":"2015"},"content":{"rendered":"\n<p><!--:en-->We&#8217;re finally going back to Japan in July, 2015. But this time, it&#8217;s not just going to be a leisure trip, as we&#8217;ve found a project for ourselves.<\/p>\n\n\n\n<p>From kabuki to geisha and tea ceremony, from Shinto shrines to Buddhist philosophy, from Zen gardens to bathhouses, and from maid cafes and host clubs to karaoke: Japanese culture is rich, unique, and can seem full of contradictions to the Western visitor. On our journey, we want to dive into this uniqueness, explore the juxtapositions of seemingly contradictory aspects and bring Japanese culture closer to you by letting representatives and fans of these cultural traditions speak for themselves. We aim to be &#8220;a camera with its shutter open, quite passive, recording, not thinking. [&#8230;] Some day, all this will have to be developed, carefully printed, fixed.&#8221;&nbsp;<em>Christopher Isherwood, Goodbye to Berlin<\/em><\/p>\n\n\n\n<p>Find out more about our project <a title=\"Floating Worlds\" href=\"http:\/\/floating-worlds.com\/\" target=\"_blank\" rel=\"noopener\">here<\/a> and follow our brand-new blog <a title=\"Nihon ni ikimashou\" href=\"http:\/\/www.nihonniikimashou.com\" target=\"_blank\" rel=\"noopener\">here<\/a>.<\/p>\n\n\n\n<p><\/p>\n\n\n\n<p>Im Juli 2015 geht es endlich zur\u00fcck nach Japan. Diesmal haben wir unsere Reise einem Projekt gewidmet.<\/p>\n\n\n\n<p>Von Kabuki zu Geishas und Teezeremonie, von Shint\u014d-Schreinen zu buddhistischen Traditionen, von Zen-G\u00e4rten zu Badeh\u00e4usern und von Maid Caf\u00e9s \u00fcber Host Clubs zu Karaoke: Die japanische Kultur ist faszinierend und einzigartig und kann auf westliche Besucher manchmal widerspr\u00fcchlich wirken. Auf unserer Reise wollen wir diese Einzigartigkeit erkunden, scheinbar widerspr\u00fcchliche Gegens\u00e4tze untersuchen und japanische Kultur zuk\u00fcnftigen Besuchern n\u00e4herbringen, in dem wir Vertreter und Freunde verschiedener kultureller Traditionen zu Wort kommen lassen. Dabei agieren wir als &#8220;a camera with its shutter open, quite passive, recording, not thinking. [&#8230;] Some day, all this will have to be developed, carefully printed, fixed.&#8221;&nbsp;<em>Christopher Isherwood, Goodbye to Berlin<\/em><\/p>\n\n\n\n<p>Mehr \u00fcber unser Projekt <a title=\"Floating Worlds\" href=\"http:\/\/floating-worlds.com\/de\/\" target=\"_blank\" rel=\"noopener\">hier<\/a> und in unserem neuen <a title=\"Nihon ni ikimashou\" href=\"http:\/\/www.nihonniikimashou.com\" target=\"_blank\" rel=\"noopener\">Blog<\/a>.<!--:--><\/p>\n","protected":false},"excerpt":{"rendered":"<p>We&#8217;re finally going back to Japan in July, 2015. But this time, it&#8217;s not just going to be a leisure trip, as we&#8217;ve found a project for ourselves. From kabuki to geisha and tea ceremony, from Shinto shrines to Buddhist philosophy, from Zen gardens to bathhouses, and from maid cafes and host clubs to karaoke: Japanese culture is rich, unique, and can seem full of contradictions to the Western visitor. On our journey, we want to dive into this uniqueness, explore the juxtapositions of seemingly contradictory aspects and bring Japanese culture closer to you by letting representatives and fans of these cultural traditions speak for themselves. We aim to be &#8220;a camera with its shutter open, quite passive, recording, not thinking. [&#8230;] Some day, all this will have to be developed, carefully printed, fixed.&#8221;&nbsp;Christopher Isherwood, Goodbye to Berlin Find out more about our project here and follow our brand-new blog here. Im Juli 2015 geht es endlich zur\u00fcck nach Japan. Diesmal haben wir unsere Reise einem Projekt gewidmet. Von Kabuki zu Geishas und Teezeremonie, von Shint\u014d-Schreinen zu buddhistischen Traditionen, von Zen-G\u00e4rten zu Badeh\u00e4usern und von Maid Caf\u00e9s \u00fcber Host Clubs zu Karaoke: Die japanische Kultur ist faszinierend und einzigartig und kann auf westliche Besucher manchmal widerspr\u00fcchlich wirken. Auf unserer Reise wollen wir diese Einzigartigkeit erkunden, scheinbar widerspr\u00fcchliche Gegens\u00e4tze untersuchen und japanische Kultur zuk\u00fcnftigen Besuchern n\u00e4herbringen, in dem wir Vertreter und Freunde verschiedener kultureller Traditionen zu Wort kommen lassen. Dabei agieren wir als &#8220;a camera with its shutter open, quite passive, recording, not thinking. [&#8230;] Some day, all this will have to be developed, carefully printed, fixed.&#8221;&nbsp;Christopher Isherwood, Goodbye to Berlin Mehr \u00fcber unser Projekt hier und in unserem neuen Blog.<\/p>\n","protected":false},"author":1,"featured_media":0,"parent":0,"menu_order":4,"comment_status":"closed","ping_status":"closed","template":"","meta":{"footnotes":""},"class_list":["post-247","page","type-page","status-publish","hentry"],"_links":{"self":[{"href":"https:\/\/to-insanity-and-beyond.com\/index.php?rest_route=\/wp\/v2\/pages\/247","targetHints":{"allow":["GET"]}}],"collection":[{"href":"https:\/\/to-insanity-and-beyond.com\/index.php?rest_route=\/wp\/v2\/pages"}],"about":[{"href":"https:\/\/to-insanity-and-beyond.com\/index.php?rest_route=\/wp\/v2\/types\/page"}],"author":[{"embeddable":true,"href":"https:\/\/to-insanity-and-beyond.com\/index.php?rest_route=\/wp\/v2\/users\/1"}],"replies":[{"embeddable":true,"href":"https:\/\/to-insanity-and-beyond.com\/index.php?rest_route=%2Fwp%2Fv2%2Fcomments&post=247"}],"version-history":[{"count":8,"href":"https:\/\/to-insanity-and-beyond.com\/index.php?rest_route=\/wp\/v2\/pages\/247\/revisions"}],"predecessor-version":[{"id":448,"href":"https:\/\/to-insanity-and-beyond.com\/index.php?rest_route=\/wp\/v2\/pages\/247\/revisions\/448"}],"wp:attachment":[{"href":"https:\/\/to-insanity-and-beyond.com\/index.php?rest_route=%2Fwp%2Fv2%2Fmedia&parent=247"}],"curies":[{"name":"wp","href":"https:\/\/api.w.org\/{rel}","templated":true}]}}